
{"id":8004,"date":"2025-03-17T14:43:57","date_gmt":"2025-03-17T14:43:57","guid":{"rendered":"https:\/\/careers.topdesk.com\/new-br\/?page_id=8004"},"modified":"2025-04-08T12:41:57","modified_gmt":"2025-04-08T12:41:57","slug":"estrutura-organizacional","status":"publish","type":"page","link":"https:\/\/careers.topdesk.com\/br\/guia-do-topdesker\/estrutura-organizacional\/","title":{"rendered":"Guia do TOPdesker | 2 | Estrutura organizacional"},"content":{"rendered":"","protected":false},"excerpt":{"rendered":"","protected":false},"author":16,"featured_media":0,"parent":7953,"menu_order":0,"comment_status":"closed","ping_status":"closed","template":"flex-template.php","meta":{"_acf_changed":false,"inline_featured_image":false,"footnotes":""},"class_list":["post-8004","page","type-page","status-publish","hentry"],"acf":[],"yoast_head":"<!-- This site is optimized with the Yoast SEO Premium plugin v24.8 (Yoast SEO v24.8.1) - https:\/\/yoast.com\/wordpress\/plugins\/seo\/ -->\n<title>Guia do TOPdesker | 2 | Estrutura organizacional | TOPdesk Brasil<\/title>\n<meta name=\"description\" content=\"Para entender como a cultura \u00e9 representada no dia a dia, vamos dar a voc\u00ea uma vis\u00e3o da estrutura da TOPdesk.\" \/>\n<meta name=\"robots\" content=\"index, follow, max-snippet:-1, max-image-preview:large, max-video-preview:-1\" \/>\n<link rel=\"canonical\" href=\"https:\/\/careers.topdesk.com\/br\/guia-do-topdesker\/estrutura-organizacional\/\" \/>\n<meta property=\"og:locale\" content=\"en_US\" \/>\n<meta property=\"og:type\" content=\"article\" \/>\n<meta property=\"og:title\" content=\"Guia do TOPdesker | 2 | Como trabalhamos? | TOPdesk Brasil\" \/>\n<meta property=\"og:description\" content=\"Para entender como a cultura \u00e9 representada no dia a dia, vamos dar a voc\u00ea uma vis\u00e3o da estrutura da TOPdesk.\" \/>\n<meta property=\"og:url\" content=\"https:\/\/careers.topdesk.com\/br\/guia-do-topdesker\/estrutura-organizacional\/\" \/>\n<meta property=\"og:site_name\" content=\"BR - New TOPdesk Careers\" \/>\n<meta property=\"article:modified_time\" content=\"2025-04-08T12:41:57+00:00\" \/>\n<meta property=\"og:image\" content=\"https:\/\/careers.topdesk.com\/br\/wp-content\/uploads\/sites\/75\/2025\/03\/juridico-TOPdesk-1-1024x1024.png\" \/>\n\t<meta property=\"og:image:width\" content=\"1024\" \/>\n\t<meta property=\"og:image:height\" content=\"1024\" \/>\n\t<meta property=\"og:image:type\" content=\"image\/png\" \/>\n<meta name=\"twitter:card\" content=\"summary_large_image\" \/>\n<meta name=\"twitter:title\" content=\"Guia do TOPdesker | 2 | Estrutura organizacional | TOPdesk Brasil Carreiras\" \/>\n<meta name=\"twitter:description\" content=\"Uma jornada empolgante aguarda voc\u00ea na TOPdesk. Topa fazer parte do nosso time? Descubra as oportunidades de carreira na TOPdesk Brasil.\" \/>\n<meta name=\"twitter:label1\" content=\"Est. reading time\" \/>\n\t<meta name=\"twitter:data1\" content=\"3 minutes\" \/>\n<script type=\"application\/ld+json\" class=\"yoast-schema-graph\">{\"@context\":\"https:\/\/schema.org\",\"@graph\":[{\"@type\":\"WebPage\",\"@id\":\"https:\/\/careers.topdesk.com\/br\/guia-do-topdesker\/estrutura-organizacional\/\",\"url\":\"https:\/\/careers.topdesk.com\/br\/guia-do-topdesker\/estrutura-organizacional\/\",\"name\":\"Guia do TOPdesker | 2 | Estrutura organizacional | TOPdesk Brasil\",\"isPartOf\":{\"@id\":\"https:\/\/careers.topdesk.com\/br\/#website\"},\"datePublished\":\"2025-03-17T14:43:57+00:00\",\"dateModified\":\"2025-04-08T12:41:57+00:00\",\"description\":\"Para entender como a cultura \u00e9 representada no dia a dia, vamos dar a voc\u00ea uma vis\u00e3o da estrutura da TOPdesk.\",\"breadcrumb\":{\"@id\":\"https:\/\/careers.topdesk.com\/br\/guia-do-topdesker\/estrutura-organizacional\/#breadcrumb\"},\"inLanguage\":\"en-US\",\"potentialAction\":[{\"@type\":\"ReadAction\",\"target\":[\"https:\/\/careers.topdesk.com\/br\/guia-do-topdesker\/estrutura-organizacional\/\"]}]},{\"@type\":\"BreadcrumbList\",\"@id\":\"https:\/\/careers.topdesk.com\/br\/guia-do-topdesker\/estrutura-organizacional\/#breadcrumb\",\"itemListElement\":[{\"@type\":\"ListItem\",\"position\":1,\"name\":\"Home\",\"item\":\"https:\/\/careers.topdesk.com\/br\/\"},{\"@type\":\"ListItem\",\"position\":2,\"name\":\"Guia do TOPdesker\",\"item\":\"https:\/\/careers.topdesk.com\/br\/guia-do-topdesker\/\"},{\"@type\":\"ListItem\",\"position\":3,\"name\":\"Guia do TOPdesker | 2 | Estrutura organizacional\"}]},{\"@type\":\"WebSite\",\"@id\":\"https:\/\/careers.topdesk.com\/br\/#website\",\"url\":\"https:\/\/careers.topdesk.com\/br\/\",\"name\":\"BR - New TOPdesk Careers\",\"description\":\"\",\"publisher\":{\"@id\":\"https:\/\/careers.topdesk.com\/br\/#organization\"},\"potentialAction\":[{\"@type\":\"SearchAction\",\"target\":{\"@type\":\"EntryPoint\",\"urlTemplate\":\"https:\/\/careers.topdesk.com\/br\/?s={search_term_string}\"},\"query-input\":{\"@type\":\"PropertyValueSpecification\",\"valueRequired\":true,\"valueName\":\"search_term_string\"}}],\"inLanguage\":\"en-US\"},{\"@type\":\"Organization\",\"@id\":\"https:\/\/careers.topdesk.com\/br\/#organization\",\"name\":\"TOPdesk\",\"url\":\"https:\/\/careers.topdesk.com\/br\/\",\"logo\":{\"@type\":\"ImageObject\",\"inLanguage\":\"en-US\",\"@id\":\"https:\/\/careers.topdesk.com\/br\/#\/schema\/logo\/image\/\",\"url\":\"\",\"contentUrl\":\"\",\"caption\":\"TOPdesk\"},\"image\":{\"@id\":\"https:\/\/careers.topdesk.com\/br\/#\/schema\/logo\/image\/\"}}]}<\/script>\n<!-- \/ Yoast SEO Premium plugin. -->","yoast_head_json":{"title":"Guia do TOPdesker | 2 | Estrutura organizacional | TOPdesk Brasil","description":"Para entender como a cultura \u00e9 representada no dia a dia, vamos dar a voc\u00ea uma vis\u00e3o da estrutura da TOPdesk.","robots":{"index":"index","follow":"follow","max-snippet":"max-snippet:-1","max-image-preview":"max-image-preview:large","max-video-preview":"max-video-preview:-1"},"canonical":"https:\/\/careers.topdesk.com\/br\/guia-do-topdesker\/estrutura-organizacional\/","og_locale":"en_US","og_type":"article","og_title":"Guia do TOPdesker | 2 | Como trabalhamos? | TOPdesk Brasil","og_description":"Para entender como a cultura \u00e9 representada no dia a dia, vamos dar a voc\u00ea uma vis\u00e3o da estrutura da TOPdesk.","og_url":"https:\/\/careers.topdesk.com\/br\/guia-do-topdesker\/estrutura-organizacional\/","og_site_name":"BR - New TOPdesk Careers","article_modified_time":"2025-04-08T12:41:57+00:00","og_image":[{"width":1024,"height":1024,"url":"https:\/\/careers.topdesk.com\/br\/wp-content\/uploads\/sites\/75\/2025\/03\/juridico-TOPdesk-1-1024x1024.png","type":"image\/png"}],"twitter_card":"summary_large_image","twitter_title":"Guia do TOPdesker | 2 | Estrutura organizacional | TOPdesk Brasil Carreiras","twitter_description":"Uma jornada empolgante aguarda voc\u00ea na TOPdesk. Topa fazer parte do nosso time? Descubra as oportunidades de carreira na TOPdesk Brasil.","twitter_misc":{"Est. reading time":"3 minutes"},"schema":{"@context":"https:\/\/schema.org","@graph":[{"@type":"WebPage","@id":"https:\/\/careers.topdesk.com\/br\/guia-do-topdesker\/estrutura-organizacional\/","url":"https:\/\/careers.topdesk.com\/br\/guia-do-topdesker\/estrutura-organizacional\/","name":"Guia do TOPdesker | 2 | Estrutura organizacional | TOPdesk Brasil","isPartOf":{"@id":"https:\/\/careers.topdesk.com\/br\/#website"},"datePublished":"2025-03-17T14:43:57+00:00","dateModified":"2025-04-08T12:41:57+00:00","description":"Para entender como a cultura \u00e9 representada no dia a dia, vamos dar a voc\u00ea uma vis\u00e3o da estrutura da TOPdesk.","breadcrumb":{"@id":"https:\/\/careers.topdesk.com\/br\/guia-do-topdesker\/estrutura-organizacional\/#breadcrumb"},"inLanguage":"en-US","potentialAction":[{"@type":"ReadAction","target":["https:\/\/careers.topdesk.com\/br\/guia-do-topdesker\/estrutura-organizacional\/"]}]},{"@type":"BreadcrumbList","@id":"https:\/\/careers.topdesk.com\/br\/guia-do-topdesker\/estrutura-organizacional\/#breadcrumb","itemListElement":[{"@type":"ListItem","position":1,"name":"Home","item":"https:\/\/careers.topdesk.com\/br\/"},{"@type":"ListItem","position":2,"name":"Guia do TOPdesker","item":"https:\/\/careers.topdesk.com\/br\/guia-do-topdesker\/"},{"@type":"ListItem","position":3,"name":"Guia do TOPdesker | 2 | Estrutura organizacional"}]},{"@type":"WebSite","@id":"https:\/\/careers.topdesk.com\/br\/#website","url":"https:\/\/careers.topdesk.com\/br\/","name":"BR - New TOPdesk Careers","description":"","publisher":{"@id":"https:\/\/careers.topdesk.com\/br\/#organization"},"potentialAction":[{"@type":"SearchAction","target":{"@type":"EntryPoint","urlTemplate":"https:\/\/careers.topdesk.com\/br\/?s={search_term_string}"},"query-input":{"@type":"PropertyValueSpecification","valueRequired":true,"valueName":"search_term_string"}}],"inLanguage":"en-US"},{"@type":"Organization","@id":"https:\/\/careers.topdesk.com\/br\/#organization","name":"TOPdesk","url":"https:\/\/careers.topdesk.com\/br\/","logo":{"@type":"ImageObject","inLanguage":"en-US","@id":"https:\/\/careers.topdesk.com\/br\/#\/schema\/logo\/image\/","url":"","contentUrl":"","caption":"TOPdesk"},"image":{"@id":"https:\/\/careers.topdesk.com\/br\/#\/schema\/logo\/image\/"}}]}},"_links":{"self":[{"href":"https:\/\/careers.topdesk.com\/br\/wp-json\/wp\/v2\/pages\/8004","targetHints":{"allow":["GET"]}}],"collection":[{"href":"https:\/\/careers.topdesk.com\/br\/wp-json\/wp\/v2\/pages"}],"about":[{"href":"https:\/\/careers.topdesk.com\/br\/wp-json\/wp\/v2\/types\/page"}],"author":[{"embeddable":true,"href":"https:\/\/careers.topdesk.com\/br\/wp-json\/wp\/v2\/users\/16"}],"replies":[{"embeddable":true,"href":"https:\/\/careers.topdesk.com\/br\/wp-json\/wp\/v2\/comments?post=8004"}],"version-history":[{"count":13,"href":"https:\/\/careers.topdesk.com\/br\/wp-json\/wp\/v2\/pages\/8004\/revisions"}],"predecessor-version":[{"id":8622,"href":"https:\/\/careers.topdesk.com\/br\/wp-json\/wp\/v2\/pages\/8004\/revisions\/8622"}],"up":[{"embeddable":true,"href":"https:\/\/careers.topdesk.com\/br\/wp-json\/wp\/v2\/pages\/7953"}],"wp:attachment":[{"href":"https:\/\/careers.topdesk.com\/br\/wp-json\/wp\/v2\/media?parent=8004"}],"curies":[{"name":"wp","href":"https:\/\/api.w.org\/{rel}","templated":true}]}}