
{"id":7983,"date":"2025-03-17T14:18:37","date_gmt":"2025-03-17T14:18:37","guid":{"rendered":"https:\/\/careers.topdesk.com\/new-br\/?page_id=7983"},"modified":"2025-04-08T20:08:45","modified_gmt":"2025-04-08T20:08:45","slug":"cultura","status":"publish","type":"page","link":"https:\/\/careers.topdesk.com\/br\/guia-do-topdesker\/cultura\/","title":{"rendered":"Guia do TOPdesker | 1 | Nossa cultura"},"content":{"rendered":"","protected":false},"excerpt":{"rendered":"","protected":false},"author":16,"featured_media":0,"parent":7953,"menu_order":0,"comment_status":"closed","ping_status":"closed","template":"flex-template.php","meta":{"_acf_changed":false,"inline_featured_image":false,"footnotes":""},"class_list":["post-7983","page","type-page","status-publish","hentry"],"acf":[],"yoast_head":"<!-- This site is optimized with the Yoast SEO Premium plugin v24.8 (Yoast SEO v24.8.1) - https:\/\/yoast.com\/wordpress\/plugins\/seo\/ -->\n<title>Guia do TOPdesker | Nossa cultura | TOPdesk Brasil<\/title>\n<meta name=\"description\" content=\"Al\u00e9m das responsabilidades do seu trabalho, voc\u00ea tamb\u00e9m quer conhecer mais sobre a nossa cultura, certo? Descubra tudo aqui!\" \/>\n<meta name=\"robots\" content=\"index, follow, max-snippet:-1, max-image-preview:large, max-video-preview:-1\" \/>\n<link rel=\"canonical\" href=\"https:\/\/careers.topdesk.com\/br\/guia-do-topdesker\/cultura\/\" \/>\n<meta property=\"og:locale\" content=\"en_US\" \/>\n<meta property=\"og:type\" content=\"article\" \/>\n<meta property=\"og:title\" content=\"Guia do TOPdesker | 1 | Nossa cultura | TOPdesk Brasil\" \/>\n<meta property=\"og:description\" content=\"Descubra o que torna a TOPdesk uma empresa \u00fanica: nossa cultura incr\u00edvel, que nos inspira, motiva e mant\u00e9m unidos!\" \/>\n<meta property=\"og:url\" content=\"https:\/\/careers.topdesk.com\/br\/guia-do-topdesker\/cultura\/\" \/>\n<meta property=\"og:site_name\" content=\"BR - New TOPdesk Careers\" \/>\n<meta property=\"article:modified_time\" content=\"2025-04-08T20:08:45+00:00\" \/>\n<meta property=\"og:image\" content=\"https:\/\/careers.topdesk.com\/br\/wp-content\/uploads\/sites\/75\/2024\/08\/Perks-of-the-job-500x300px.png\" \/>\n\t<meta property=\"og:image:width\" content=\"500\" \/>\n\t<meta property=\"og:image:height\" content=\"300\" \/>\n\t<meta property=\"og:image:type\" content=\"image\/png\" \/>\n<meta name=\"twitter:card\" content=\"summary_large_image\" \/>\n<meta name=\"twitter:title\" content=\"Guia do TOPdesker | 1 | Nossa cultura | TOPdesk Brasil Carreiras\" \/>\n<meta name=\"twitter:description\" content=\"Uma jornada empolgante aguarda voc\u00ea na TOPdesk. Topa fazer parte do nosso time? Descubra as oportunidades de carreira na TOPdesk Brasil.\" \/>\n<meta name=\"twitter:label1\" content=\"Est. reading time\" \/>\n\t<meta name=\"twitter:data1\" content=\"5 minutes\" \/>\n<script type=\"application\/ld+json\" class=\"yoast-schema-graph\">{\"@context\":\"https:\/\/schema.org\",\"@graph\":[{\"@type\":\"WebPage\",\"@id\":\"https:\/\/careers.topdesk.com\/br\/guia-do-topdesker\/cultura\/\",\"url\":\"https:\/\/careers.topdesk.com\/br\/guia-do-topdesker\/cultura\/\",\"name\":\"Guia do TOPdesker | Nossa cultura | TOPdesk Brasil\",\"isPartOf\":{\"@id\":\"https:\/\/careers.topdesk.com\/br\/#website\"},\"datePublished\":\"2025-03-17T14:18:37+00:00\",\"dateModified\":\"2025-04-08T20:08:45+00:00\",\"description\":\"Al\u00e9m das responsabilidades do seu trabalho, voc\u00ea tamb\u00e9m quer conhecer mais sobre a nossa cultura, certo? Descubra tudo aqui!\",\"breadcrumb\":{\"@id\":\"https:\/\/careers.topdesk.com\/br\/guia-do-topdesker\/cultura\/#breadcrumb\"},\"inLanguage\":\"en-US\",\"potentialAction\":[{\"@type\":\"ReadAction\",\"target\":[\"https:\/\/careers.topdesk.com\/br\/guia-do-topdesker\/cultura\/\"]}]},{\"@type\":\"BreadcrumbList\",\"@id\":\"https:\/\/careers.topdesk.com\/br\/guia-do-topdesker\/cultura\/#breadcrumb\",\"itemListElement\":[{\"@type\":\"ListItem\",\"position\":1,\"name\":\"Home\",\"item\":\"https:\/\/careers.topdesk.com\/br\/\"},{\"@type\":\"ListItem\",\"position\":2,\"name\":\"Guia do TOPdesker\",\"item\":\"https:\/\/careers.topdesk.com\/br\/guia-do-topdesker\/\"},{\"@type\":\"ListItem\",\"position\":3,\"name\":\"Guia do TOPdesker | 1 | Nossa cultura\"}]},{\"@type\":\"WebSite\",\"@id\":\"https:\/\/careers.topdesk.com\/br\/#website\",\"url\":\"https:\/\/careers.topdesk.com\/br\/\",\"name\":\"BR - New TOPdesk Careers\",\"description\":\"\",\"publisher\":{\"@id\":\"https:\/\/careers.topdesk.com\/br\/#organization\"},\"potentialAction\":[{\"@type\":\"SearchAction\",\"target\":{\"@type\":\"EntryPoint\",\"urlTemplate\":\"https:\/\/careers.topdesk.com\/br\/?s={search_term_string}\"},\"query-input\":{\"@type\":\"PropertyValueSpecification\",\"valueRequired\":true,\"valueName\":\"search_term_string\"}}],\"inLanguage\":\"en-US\"},{\"@type\":\"Organization\",\"@id\":\"https:\/\/careers.topdesk.com\/br\/#organization\",\"name\":\"TOPdesk\",\"url\":\"https:\/\/careers.topdesk.com\/br\/\",\"logo\":{\"@type\":\"ImageObject\",\"inLanguage\":\"en-US\",\"@id\":\"https:\/\/careers.topdesk.com\/br\/#\/schema\/logo\/image\/\",\"url\":\"\",\"contentUrl\":\"\",\"caption\":\"TOPdesk\"},\"image\":{\"@id\":\"https:\/\/careers.topdesk.com\/br\/#\/schema\/logo\/image\/\"}}]}<\/script>\n<!-- \/ Yoast SEO Premium plugin. -->","yoast_head_json":{"title":"Guia do TOPdesker | Nossa cultura | TOPdesk Brasil","description":"Al\u00e9m das responsabilidades do seu trabalho, voc\u00ea tamb\u00e9m quer conhecer mais sobre a nossa cultura, certo? Descubra tudo aqui!","robots":{"index":"index","follow":"follow","max-snippet":"max-snippet:-1","max-image-preview":"max-image-preview:large","max-video-preview":"max-video-preview:-1"},"canonical":"https:\/\/careers.topdesk.com\/br\/guia-do-topdesker\/cultura\/","og_locale":"en_US","og_type":"article","og_title":"Guia do TOPdesker | 1 | Nossa cultura | TOPdesk Brasil","og_description":"Descubra o que torna a TOPdesk uma empresa \u00fanica: nossa cultura incr\u00edvel, que nos inspira, motiva e mant\u00e9m unidos!","og_url":"https:\/\/careers.topdesk.com\/br\/guia-do-topdesker\/cultura\/","og_site_name":"BR - New TOPdesk Careers","article_modified_time":"2025-04-08T20:08:45+00:00","og_image":[{"width":500,"height":300,"url":"https:\/\/careers.topdesk.com\/br\/wp-content\/uploads\/sites\/75\/2024\/08\/Perks-of-the-job-500x300px.png","type":"image\/png"}],"twitter_card":"summary_large_image","twitter_title":"Guia do TOPdesker | 1 | Nossa cultura | TOPdesk Brasil Carreiras","twitter_description":"Uma jornada empolgante aguarda voc\u00ea na TOPdesk. Topa fazer parte do nosso time? Descubra as oportunidades de carreira na TOPdesk Brasil.","twitter_misc":{"Est. reading time":"5 minutes"},"schema":{"@context":"https:\/\/schema.org","@graph":[{"@type":"WebPage","@id":"https:\/\/careers.topdesk.com\/br\/guia-do-topdesker\/cultura\/","url":"https:\/\/careers.topdesk.com\/br\/guia-do-topdesker\/cultura\/","name":"Guia do TOPdesker | Nossa cultura | TOPdesk Brasil","isPartOf":{"@id":"https:\/\/careers.topdesk.com\/br\/#website"},"datePublished":"2025-03-17T14:18:37+00:00","dateModified":"2025-04-08T20:08:45+00:00","description":"Al\u00e9m das responsabilidades do seu trabalho, voc\u00ea tamb\u00e9m quer conhecer mais sobre a nossa cultura, certo? Descubra tudo aqui!","breadcrumb":{"@id":"https:\/\/careers.topdesk.com\/br\/guia-do-topdesker\/cultura\/#breadcrumb"},"inLanguage":"en-US","potentialAction":[{"@type":"ReadAction","target":["https:\/\/careers.topdesk.com\/br\/guia-do-topdesker\/cultura\/"]}]},{"@type":"BreadcrumbList","@id":"https:\/\/careers.topdesk.com\/br\/guia-do-topdesker\/cultura\/#breadcrumb","itemListElement":[{"@type":"ListItem","position":1,"name":"Home","item":"https:\/\/careers.topdesk.com\/br\/"},{"@type":"ListItem","position":2,"name":"Guia do TOPdesker","item":"https:\/\/careers.topdesk.com\/br\/guia-do-topdesker\/"},{"@type":"ListItem","position":3,"name":"Guia do TOPdesker | 1 | Nossa cultura"}]},{"@type":"WebSite","@id":"https:\/\/careers.topdesk.com\/br\/#website","url":"https:\/\/careers.topdesk.com\/br\/","name":"BR - New TOPdesk Careers","description":"","publisher":{"@id":"https:\/\/careers.topdesk.com\/br\/#organization"},"potentialAction":[{"@type":"SearchAction","target":{"@type":"EntryPoint","urlTemplate":"https:\/\/careers.topdesk.com\/br\/?s={search_term_string}"},"query-input":{"@type":"PropertyValueSpecification","valueRequired":true,"valueName":"search_term_string"}}],"inLanguage":"en-US"},{"@type":"Organization","@id":"https:\/\/careers.topdesk.com\/br\/#organization","name":"TOPdesk","url":"https:\/\/careers.topdesk.com\/br\/","logo":{"@type":"ImageObject","inLanguage":"en-US","@id":"https:\/\/careers.topdesk.com\/br\/#\/schema\/logo\/image\/","url":"","contentUrl":"","caption":"TOPdesk"},"image":{"@id":"https:\/\/careers.topdesk.com\/br\/#\/schema\/logo\/image\/"}}]}},"_links":{"self":[{"href":"https:\/\/careers.topdesk.com\/br\/wp-json\/wp\/v2\/pages\/7983","targetHints":{"allow":["GET"]}}],"collection":[{"href":"https:\/\/careers.topdesk.com\/br\/wp-json\/wp\/v2\/pages"}],"about":[{"href":"https:\/\/careers.topdesk.com\/br\/wp-json\/wp\/v2\/types\/page"}],"author":[{"embeddable":true,"href":"https:\/\/careers.topdesk.com\/br\/wp-json\/wp\/v2\/users\/16"}],"replies":[{"embeddable":true,"href":"https:\/\/careers.topdesk.com\/br\/wp-json\/wp\/v2\/comments?post=7983"}],"version-history":[{"count":20,"href":"https:\/\/careers.topdesk.com\/br\/wp-json\/wp\/v2\/pages\/7983\/revisions"}],"predecessor-version":[{"id":8679,"href":"https:\/\/careers.topdesk.com\/br\/wp-json\/wp\/v2\/pages\/7983\/revisions\/8679"}],"up":[{"embeddable":true,"href":"https:\/\/careers.topdesk.com\/br\/wp-json\/wp\/v2\/pages\/7953"}],"wp:attachment":[{"href":"https:\/\/careers.topdesk.com\/br\/wp-json\/wp\/v2\/media?parent=7983"}],"curies":[{"name":"wp","href":"https:\/\/api.w.org\/{rel}","templated":true}]}}